{"id":267,"date":"2021-01-07T10:02:07","date_gmt":"2021-01-07T10:02:07","guid":{"rendered":"https:\/\/www.sabine-garrone.com\/home\/"},"modified":"2021-01-07T10:40:46","modified_gmt":"2021-01-07T10:40:46","slug":"home","status":"publish","type":"page","link":"https:\/\/www.sabine-garrone.com\/fr\/","title":{"rendered":"Home"},"content":{"rendered":"<div class=\"wpb-content-wrapper\"><p>[vc_row row_height_percent=\u00a0\u00bb0&Prime; override_padding=\u00a0\u00bbyes\u00a0\u00bb h_padding=\u00a0\u00bb3&Prime; top_padding=\u00a0\u00bb5&Prime; bottom_padding=\u00a0\u00bb5&Prime; overlay_alpha=\u00a0\u00bb50&Prime; equal_height=\u00a0\u00bbyes\u00a0\u00bb gutter_size=\u00a0\u00bb4&Prime; column_width_percent=\u00a0\u00bb100&Prime; shift_y=\u00a0\u00bb0&Prime; z_index=\u00a0\u00bb0&Prime;][vc_column width=\u00a0\u00bb2\/3&Prime;][vc_single_image media=\u00a0\u00bb32&Prime; media_width_percent=\u00a0\u00bb100&Prime; shadow=\u00a0\u00bbyes\u00a0\u00bb css_animation=\u00a0\u00bbleft-t-right\u00a0\u00bb][\/vc_column][vc_column column_width_percent=\u00a0\u00bb100&Prime; position_vertical=\u00a0\u00bbmiddle\u00a0\u00bb gutter_size=\u00a0\u00bb2&Prime; overlay_alpha=\u00a0\u00bb50&Prime; shift_x=\u00a0\u00bb0&Prime; shift_y=\u00a0\u00bb0&Prime; shift_y_down=\u00a0\u00bb0&Prime; z_index=\u00a0\u00bb0&Prime; medium_width=\u00a0\u00bb0&Prime; mobile_width=\u00a0\u00bb0&Prime; width=\u00a0\u00bb1\/3&Prime;][vc_custom_heading heading_semantic=\u00a0\u00bbp\u00a0\u00bb text_size=\u00a0\u00bbh3&Prime;]<\/p>\n<blockquote><p><em>\u00ab\u00a0Sabine Garrone sait tout faire, mezzo gymnaste et Auguste de service : oiseau rare et vrai farfadet qui br\u00fble les planches.\u00a0\u00bb<\/em><\/p><\/blockquote>\n<p>[\/vc_custom_heading][vc_custom_heading heading_semantic=\u00a0\u00bbp\u00a0\u00bb text_size=\u00a0\u00bbh5&Prime;]<strong>Jacques Doucelin &#8211; Op\u00e9ra Magazine<\/strong>[\/vc_custom_heading][\/vc_column][\/vc_row][vc_row row_height_percent=\u00a0\u00bb0&Prime; override_padding=\u00a0\u00bbyes\u00a0\u00bb h_padding=\u00a0\u00bb0&Prime; top_padding=\u00a0\u00bb2&Prime; bottom_padding=\u00a0\u00bb2&Prime; back_image=\u00a0\u00bb43&Prime; kburns=\u00a0\u00bbyes\u00a0\u00bb overlay_alpha=\u00a0\u00bb50&Prime; gutter_size=\u00a0\u00bb3&Prime; column_width_percent=\u00a0\u00bb100&Prime; shift_y=\u00a0\u00bb0&Prime; z_index=\u00a0\u00bb0&Prime;][vc_column width=\u00a0\u00bb1\/2&Prime;][\/vc_column][vc_column column_width_use_pixel=\u00a0\u00bbyes\u00a0\u00bb position_vertical=\u00a0\u00bbmiddle\u00a0\u00bb gutter_size=\u00a0\u00bb0&Prime; override_padding=\u00a0\u00bbyes\u00a0\u00bb column_padding=\u00a0\u00bb5&Prime; style=\u00a0\u00bbdark\u00a0\u00bb overlay_alpha=\u00a0\u00bb50&Prime; shift_x=\u00a0\u00bb0&Prime; shift_y=\u00a0\u00bb0&Prime; shift_y_down=\u00a0\u00bb0&Prime; z_index=\u00a0\u00bb0&Prime; medium_width=\u00a0\u00bb0&Prime; mobile_width=\u00a0\u00bb0&Prime; width=\u00a0\u00bb1\/2&Prime; column_width_pixel=\u00a0\u00bb500&Prime;][vc_empty_space empty_h=\u00a0\u00bb3&Prime;][vc_custom_heading heading_semantic=\u00a0\u00bbp\u00a0\u00bb text_size=\u00a0\u00bbh3&Prime;]<\/p>\n<blockquote><p><em>\u00ab\u00a0Sabine poss\u00e8de une voix l\u00e9g\u00e8re lyrique, c&rsquo;est une musicienne tr\u00e8s intelligente, cultiv\u00e9e et a une pr\u00e9sence sc\u00e9nique tr\u00e8s attrayante. Sabine est toujours en train de chercher la signification derri\u00e8re les notes, p\u00e9n\u00e9trant l&rsquo;id\u00e9e profonde du compositeur, saisissant l&rsquo;essence juste de la musique.\u00a0\u00bb<\/em><\/p><\/blockquote>\n<p>[\/vc_custom_heading][vc_empty_space empty_h=\u00a0\u00bb1&Prime;][vc_custom_heading heading_semantic=\u00a0\u00bbp\u00a0\u00bb text_size=\u00a0\u00bbh5&Prime;]<strong>Vladimir Jurowski<\/strong>[\/vc_custom_heading][vc_empty_space empty_h=\u00a0\u00bb0&Prime;][vc_custom_heading heading_semantic=\u00a0\u00bbp\u00a0\u00bb text_size=\u00a0\u00bbh6&Prime; text_weight=\u00a0\u00bb300&Prime;]Chef d&rsquo;orchestre et directeur artistique, Rundfunk-Sinfonieorchester Berlin<br \/>\nChef d&rsquo;orchestre, London Philharmonic Orchestra<br \/>\nDirecteur musical principal Th\u00e9\u00e2tre National de Bavi\u00e8re (\u00e0 partir de 2021-2022)[\/vc_custom_heading][vc_empty_space empty_h=\u00a0\u00bb5&Prime;][\/vc_column][\/vc_row][vc_row row_height_percent=\u00a0\u00bb0&Prime; override_padding=\u00a0\u00bbyes\u00a0\u00bb h_padding=\u00a0\u00bb3&Prime; top_padding=\u00a0\u00bb5&Prime; bottom_padding=\u00a0\u00bb5&Prime; overlay_alpha=\u00a0\u00bb50&Prime; equal_height=\u00a0\u00bbyes\u00a0\u00bb gutter_size=\u00a0\u00bb4&Prime; column_width_percent=\u00a0\u00bb100&Prime; shift_y=\u00a0\u00bb0&Prime; z_index=\u00a0\u00bb0&Prime;][vc_column column_width_percent=\u00a0\u00bb100&Prime; position_vertical=\u00a0\u00bbmiddle\u00a0\u00bb gutter_size=\u00a0\u00bb0&Prime; overlay_alpha=\u00a0\u00bb50&Prime; shift_x=\u00a0\u00bb0&Prime; shift_y=\u00a0\u00bb0&Prime; shift_y_down=\u00a0\u00bb0&Prime; z_index=\u00a0\u00bb0&Prime; medium_width=\u00a0\u00bb0&Prime; mobile_width=\u00a0\u00bb0&Prime; width=\u00a0\u00bb1\/3&Prime;][vc_custom_heading heading_semantic=\u00a0\u00bbp\u00a0\u00bb text_size=\u00a0\u00bbh3&Prime;]<\/p>\n<blockquote><p><em>J&rsquo;ai \u00e9t\u00e9 s\u00e9duit par son timbre, ses qualit\u00e9s vocales et musicales, son investissement et son s\u00e9rieux dans un ouvrage o\u00f9 les ensembles tiennent une part importante. J\u2019ai d\u2019autant plus appr\u00e9ci\u00e9 sa souplesse dans le travail stylistique.<\/em><\/p><\/blockquote>\n<p>[\/vc_custom_heading][vc_empty_space empty_h=\u00a0\u00bb1&Prime;][vc_custom_heading heading_semantic=\u00a0\u00bbp\u00a0\u00bb text_size=\u00a0\u00bbh5&Prime;]<strong>Jo\u00ebl Suhubiette<\/strong>[\/vc_custom_heading][vc_empty_space empty_h=\u00a0\u00bb0&Prime;][vc_custom_heading heading_semantic=\u00a0\u00bbp\u00a0\u00bb text_size=\u00a0\u00bbh6&Prime; text_weight=\u00a0\u00bb300&Prime;]Chef et directeur artistique du ch\u0153ur de chambre Les El\u00e9ments<br \/>\nChef et directeur artistique de l&rsquo;ensemble Jacques Moderne<br \/>\nDirecteur artistique du Festival Musique des lumi\u00e8res de Sor\u00e8ze[\/vc_custom_heading][\/vc_column][vc_column width=\u00a0\u00bb2\/3&Prime;][vc_single_image media=\u00a0\u00bb63&Prime; media_width_percent=\u00a0\u00bb100&Prime; shadow=\u00a0\u00bbyes\u00a0\u00bb css_animation=\u00a0\u00bbright-t-left\u00a0\u00bb][\/vc_column][\/vc_row][vc_row row_height_percent=\u00a0\u00bb0&Prime; override_padding=\u00a0\u00bbyes\u00a0\u00bb h_padding=\u00a0\u00bb0&Prime; top_padding=\u00a0\u00bb2&Prime; bottom_padding=\u00a0\u00bb2&Prime; back_image=\u00a0\u00bb65&Prime; kburns=\u00a0\u00bbyes\u00a0\u00bb overlay_alpha=\u00a0\u00bb50&Prime; gutter_size=\u00a0\u00bb3&Prime; column_width_percent=\u00a0\u00bb100&Prime; shift_y=\u00a0\u00bb0&Prime; z_index=\u00a0\u00bb0&Prime;][vc_column column_width_use_pixel=\u00a0\u00bbyes\u00a0\u00bb position_vertical=\u00a0\u00bbmiddle\u00a0\u00bb gutter_size=\u00a0\u00bb0&Prime; override_padding=\u00a0\u00bbyes\u00a0\u00bb column_padding=\u00a0\u00bb5&Prime; style=\u00a0\u00bbdark\u00a0\u00bb overlay_alpha=\u00a0\u00bb50&Prime; shift_x=\u00a0\u00bb0&Prime; shift_y=\u00a0\u00bb0&Prime; shift_y_down=\u00a0\u00bb0&Prime; z_index=\u00a0\u00bb0&Prime; medium_width=\u00a0\u00bb0&Prime; mobile_width=\u00a0\u00bb0&Prime; width=\u00a0\u00bb1\/2&Prime; column_width_pixel=\u00a0\u00bb500&Prime;][vc_empty_space empty_h=\u00a0\u00bb3&Prime;][vc_custom_heading heading_semantic=\u00a0\u00bbp\u00a0\u00bb text_size=\u00a0\u00bbh3&Prime;]<\/p>\n<blockquote><p><em>\u00ab\u00a0On ne peut qu\u2019admirer la prestation de Sabine Garrone, tant sc\u00e9niquement (faire la roue sur une table en chantant !) que vocalement ; la voix est belle, son \u00ab\u00a0petit coq\u00a0\u00bb parfait, comme la barcarolle, et la voix de la m\u00e8re (qu\u2019elle ajoute \u00e0 un r\u00f4le d\u00e9j\u00e0 fort lourd) irr\u00e9prochable.\u00a0\u00bb<\/em><\/p><\/blockquote>\n<p>[\/vc_custom_heading][vc_empty_space empty_h=\u00a0\u00bb1&Prime;][vc_custom_heading heading_semantic=\u00a0\u00bbp\u00a0\u00bb text_size=\u00a0\u00bbh5&Prime;]<strong>Forum Opera par Jean-Marcel Humbert<\/strong>[\/vc_custom_heading][vc_empty_space empty_h=\u00a0\u00bb5&Prime;][\/vc_column][vc_column width=\u00a0\u00bb1\/2&Prime;][\/vc_column][\/vc_row]<\/p>\n<\/div>","protected":false},"excerpt":{"rendered":"<p>[vc_row row_height_percent=\u00a0\u00bb0&Prime; override_padding=\u00a0\u00bbyes\u00a0\u00bb h_padding=\u00a0\u00bb3&Prime; top_padding=\u00a0\u00bb5&Prime; bottom_padding=\u00a0\u00bb5&Prime; overlay_alpha=\u00a0\u00bb50&Prime; equal_height=\u00a0\u00bbyes\u00a0\u00bb gutter_size=\u00a0\u00bb4&Prime; column_width_percent=\u00a0\u00bb100&Prime; shift_y=\u00a0\u00bb0&Prime; z_index=\u00a0\u00bb0&Prime;][vc_column width=\u00a0\u00bb2\/3&Prime;][vc_single_image media=\u00a0\u00bb32&Prime; media_width_percent=\u00a0\u00bb100&Prime; shadow=\u00a0\u00bbyes\u00a0\u00bb css_animation=\u00a0\u00bbleft-t-right\u00a0\u00bb][\/vc_column][vc_column column_width_percent=\u00a0\u00bb100&Prime; position_vertical=\u00a0\u00bbmiddle\u00a0\u00bb gutter_size=\u00a0\u00bb2&Prime; [&hellip;]<\/p>\n","protected":false},"author":1,"featured_media":0,"parent":0,"menu_order":0,"comment_status":"closed","ping_status":"closed","template":"","meta":{"footnotes":""},"class_list":["post-267","page","type-page","status-publish","hentry"],"yoast_head":"<!-- This site is optimized with the Yoast SEO plugin v27.3 - https:\/\/yoast.com\/product\/yoast-seo-wordpress\/ -->\n<title>Home - Sabine Garrone - Mezzo-Soprano<\/title>\n<meta name=\"robots\" content=\"index, follow, max-snippet:-1, max-image-preview:large, max-video-preview:-1\" \/>\n<link rel=\"canonical\" href=\"https:\/\/www.sabine-garrone.com\/fr\/\" \/>\n<meta property=\"og:locale\" content=\"fr_FR\" \/>\n<meta property=\"og:type\" content=\"article\" \/>\n<meta property=\"og:title\" content=\"Home - Sabine Garrone - Mezzo-Soprano\" \/>\n<meta property=\"og:description\" content=\"[vc_row row_height_percent=\u00a0\u00bb0&Prime; override_padding=\u00a0\u00bbyes\u00a0\u00bb h_padding=\u00a0\u00bb3&Prime; top_padding=\u00a0\u00bb5&Prime; bottom_padding=\u00a0\u00bb5&Prime; overlay_alpha=\u00a0\u00bb50&Prime; equal_height=\u00a0\u00bbyes\u00a0\u00bb gutter_size=\u00a0\u00bb4&Prime; column_width_percent=\u00a0\u00bb100&Prime; shift_y=\u00a0\u00bb0&Prime; z_index=\u00a0\u00bb0&Prime;][vc_column width=\u00a0\u00bb2\/3&Prime;][vc_single_image media=\u00a0\u00bb32&Prime; media_width_percent=\u00a0\u00bb100&Prime; shadow=\u00a0\u00bbyes\u00a0\u00bb css_animation=\u00a0\u00bbleft-t-right\u00a0\u00bb][\/vc_column][vc_column column_width_percent=\u00a0\u00bb100&Prime; position_vertical=\u00a0\u00bbmiddle\u00a0\u00bb gutter_size=\u00a0\u00bb2&Prime; [&hellip;]\" \/>\n<meta property=\"og:url\" content=\"https:\/\/www.sabine-garrone.com\/fr\/\" \/>\n<meta property=\"og:site_name\" content=\"Sabine Garrone - Mezzo-Soprano\" \/>\n<meta property=\"article:modified_time\" content=\"2021-01-07T10:40:46+00:00\" \/>\n<meta name=\"twitter:card\" content=\"summary_large_image\" \/>\n<meta name=\"twitter:label1\" content=\"Dur\u00e9e de lecture estim\u00e9e\" \/>\n\t<meta name=\"twitter:data1\" content=\"4 minutes\" \/>\n<script type=\"application\/ld+json\" class=\"yoast-schema-graph\">{\"@context\":\"https:\\\/\\\/schema.org\",\"@graph\":[{\"@type\":\"WebPage\",\"@id\":\"https:\\\/\\\/www.sabine-garrone.com\\\/fr\\\/\",\"url\":\"https:\\\/\\\/www.sabine-garrone.com\\\/fr\\\/\",\"name\":\"Home - Sabine Garrone - Mezzo-Soprano\",\"isPartOf\":{\"@id\":\"https:\\\/\\\/www.sabine-garrone.com\\\/fr\\\/#website\"},\"datePublished\":\"2021-01-07T10:02:07+00:00\",\"dateModified\":\"2021-01-07T10:40:46+00:00\",\"breadcrumb\":{\"@id\":\"https:\\\/\\\/www.sabine-garrone.com\\\/fr\\\/#breadcrumb\"},\"inLanguage\":\"fr-FR\",\"potentialAction\":[{\"@type\":\"ReadAction\",\"target\":[\"https:\\\/\\\/www.sabine-garrone.com\\\/fr\\\/\"]}]},{\"@type\":\"BreadcrumbList\",\"@id\":\"https:\\\/\\\/www.sabine-garrone.com\\\/fr\\\/#breadcrumb\",\"itemListElement\":[{\"@type\":\"ListItem\",\"position\":1,\"name\":\"Home\",\"item\":\"https:\\\/\\\/www.sabine-garrone.com\\\/fr\\\/\"},{\"@type\":\"ListItem\",\"position\":2,\"name\":\"Home\"}]},{\"@type\":\"WebSite\",\"@id\":\"https:\\\/\\\/www.sabine-garrone.com\\\/fr\\\/#website\",\"url\":\"https:\\\/\\\/www.sabine-garrone.com\\\/fr\\\/\",\"name\":\"Sabine Garrone - Mezzo-Soprano\",\"description\":\"\",\"publisher\":{\"@id\":\"https:\\\/\\\/www.sabine-garrone.com\\\/fr\\\/#organization\"},\"potentialAction\":[{\"@type\":\"SearchAction\",\"target\":{\"@type\":\"EntryPoint\",\"urlTemplate\":\"https:\\\/\\\/www.sabine-garrone.com\\\/fr\\\/?s={search_term_string}\"},\"query-input\":{\"@type\":\"PropertyValueSpecification\",\"valueRequired\":true,\"valueName\":\"search_term_string\"}}],\"inLanguage\":\"fr-FR\"},{\"@type\":\"Organization\",\"@id\":\"https:\\\/\\\/www.sabine-garrone.com\\\/fr\\\/#organization\",\"name\":\"Sabine Garrone\",\"url\":\"https:\\\/\\\/www.sabine-garrone.com\\\/fr\\\/\",\"logo\":{\"@type\":\"ImageObject\",\"inLanguage\":\"fr-FR\",\"@id\":\"https:\\\/\\\/www.sabine-garrone.com\\\/fr\\\/#\\\/schema\\\/logo\\\/image\\\/\",\"url\":\"https:\\\/\\\/www.sabine-garrone.com\\\/wp-content\\\/uploads\\\/2020\\\/12\\\/header-home-mobile.jpg\",\"contentUrl\":\"https:\\\/\\\/www.sabine-garrone.com\\\/wp-content\\\/uploads\\\/2020\\\/12\\\/header-home-mobile.jpg\",\"width\":1435,\"height\":1281,\"caption\":\"Sabine Garrone\"},\"image\":{\"@id\":\"https:\\\/\\\/www.sabine-garrone.com\\\/fr\\\/#\\\/schema\\\/logo\\\/image\\\/\"}}]}<\/script>\n<!-- \/ Yoast SEO plugin. -->","yoast_head_json":{"title":"Home - Sabine Garrone - Mezzo-Soprano","robots":{"index":"index","follow":"follow","max-snippet":"max-snippet:-1","max-image-preview":"max-image-preview:large","max-video-preview":"max-video-preview:-1"},"canonical":"https:\/\/www.sabine-garrone.com\/fr\/","og_locale":"fr_FR","og_type":"article","og_title":"Home - Sabine Garrone - Mezzo-Soprano","og_description":"[vc_row row_height_percent=\u00a0\u00bb0&Prime; override_padding=\u00a0\u00bbyes\u00a0\u00bb h_padding=\u00a0\u00bb3&Prime; top_padding=\u00a0\u00bb5&Prime; bottom_padding=\u00a0\u00bb5&Prime; overlay_alpha=\u00a0\u00bb50&Prime; equal_height=\u00a0\u00bbyes\u00a0\u00bb gutter_size=\u00a0\u00bb4&Prime; column_width_percent=\u00a0\u00bb100&Prime; shift_y=\u00a0\u00bb0&Prime; z_index=\u00a0\u00bb0&Prime;][vc_column width=\u00a0\u00bb2\/3&Prime;][vc_single_image media=\u00a0\u00bb32&Prime; media_width_percent=\u00a0\u00bb100&Prime; shadow=\u00a0\u00bbyes\u00a0\u00bb css_animation=\u00a0\u00bbleft-t-right\u00a0\u00bb][\/vc_column][vc_column column_width_percent=\u00a0\u00bb100&Prime; position_vertical=\u00a0\u00bbmiddle\u00a0\u00bb gutter_size=\u00a0\u00bb2&Prime; [&hellip;]","og_url":"https:\/\/www.sabine-garrone.com\/fr\/","og_site_name":"Sabine Garrone - Mezzo-Soprano","article_modified_time":"2021-01-07T10:40:46+00:00","twitter_card":"summary_large_image","twitter_misc":{"Dur\u00e9e de lecture estim\u00e9e":"4 minutes"},"schema":{"@context":"https:\/\/schema.org","@graph":[{"@type":"WebPage","@id":"https:\/\/www.sabine-garrone.com\/fr\/","url":"https:\/\/www.sabine-garrone.com\/fr\/","name":"Home - Sabine Garrone - Mezzo-Soprano","isPartOf":{"@id":"https:\/\/www.sabine-garrone.com\/fr\/#website"},"datePublished":"2021-01-07T10:02:07+00:00","dateModified":"2021-01-07T10:40:46+00:00","breadcrumb":{"@id":"https:\/\/www.sabine-garrone.com\/fr\/#breadcrumb"},"inLanguage":"fr-FR","potentialAction":[{"@type":"ReadAction","target":["https:\/\/www.sabine-garrone.com\/fr\/"]}]},{"@type":"BreadcrumbList","@id":"https:\/\/www.sabine-garrone.com\/fr\/#breadcrumb","itemListElement":[{"@type":"ListItem","position":1,"name":"Home","item":"https:\/\/www.sabine-garrone.com\/fr\/"},{"@type":"ListItem","position":2,"name":"Home"}]},{"@type":"WebSite","@id":"https:\/\/www.sabine-garrone.com\/fr\/#website","url":"https:\/\/www.sabine-garrone.com\/fr\/","name":"Sabine Garrone - Mezzo-Soprano","description":"","publisher":{"@id":"https:\/\/www.sabine-garrone.com\/fr\/#organization"},"potentialAction":[{"@type":"SearchAction","target":{"@type":"EntryPoint","urlTemplate":"https:\/\/www.sabine-garrone.com\/fr\/?s={search_term_string}"},"query-input":{"@type":"PropertyValueSpecification","valueRequired":true,"valueName":"search_term_string"}}],"inLanguage":"fr-FR"},{"@type":"Organization","@id":"https:\/\/www.sabine-garrone.com\/fr\/#organization","name":"Sabine Garrone","url":"https:\/\/www.sabine-garrone.com\/fr\/","logo":{"@type":"ImageObject","inLanguage":"fr-FR","@id":"https:\/\/www.sabine-garrone.com\/fr\/#\/schema\/logo\/image\/","url":"https:\/\/www.sabine-garrone.com\/wp-content\/uploads\/2020\/12\/header-home-mobile.jpg","contentUrl":"https:\/\/www.sabine-garrone.com\/wp-content\/uploads\/2020\/12\/header-home-mobile.jpg","width":1435,"height":1281,"caption":"Sabine Garrone"},"image":{"@id":"https:\/\/www.sabine-garrone.com\/fr\/#\/schema\/logo\/image\/"}}]}},"_links":{"self":[{"href":"https:\/\/www.sabine-garrone.com\/fr\/wp-json\/wp\/v2\/pages\/267","targetHints":{"allow":["GET"]}}],"collection":[{"href":"https:\/\/www.sabine-garrone.com\/fr\/wp-json\/wp\/v2\/pages"}],"about":[{"href":"https:\/\/www.sabine-garrone.com\/fr\/wp-json\/wp\/v2\/types\/page"}],"author":[{"embeddable":true,"href":"https:\/\/www.sabine-garrone.com\/fr\/wp-json\/wp\/v2\/users\/1"}],"replies":[{"embeddable":true,"href":"https:\/\/www.sabine-garrone.com\/fr\/wp-json\/wp\/v2\/comments?post=267"}],"version-history":[{"count":5,"href":"https:\/\/www.sabine-garrone.com\/fr\/wp-json\/wp\/v2\/pages\/267\/revisions"}],"predecessor-version":[{"id":334,"href":"https:\/\/www.sabine-garrone.com\/fr\/wp-json\/wp\/v2\/pages\/267\/revisions\/334"}],"wp:attachment":[{"href":"https:\/\/www.sabine-garrone.com\/fr\/wp-json\/wp\/v2\/media?parent=267"}],"curies":[{"name":"wp","href":"https:\/\/api.w.org\/{rel}","templated":true}]}}