{"id":278,"date":"2021-01-07T10:02:35","date_gmt":"2021-01-07T10:02:35","guid":{"rendered":"https:\/\/www.sabine-garrone.com\/biography\/"},"modified":"2021-01-07T10:37:30","modified_gmt":"2021-01-07T10:37:30","slug":"biography","status":"publish","type":"page","link":"https:\/\/www.sabine-garrone.com\/fr\/biography\/","title":{"rendered":"Biographie"},"content":{"rendered":"<div class=\"wpb-content-wrapper\"><p>[vc_row row_height_percent=\u00a0\u00bb0&Prime; override_padding=\u00a0\u00bbyes\u00a0\u00bb h_padding=\u00a0\u00bb3&Prime; top_padding=\u00a0\u00bb5&Prime; bottom_padding=\u00a0\u00bb3&Prime; overlay_alpha=\u00a0\u00bb50&Prime; equal_height=\u00a0\u00bbyes\u00a0\u00bb gutter_size=\u00a0\u00bb4&Prime; column_width_percent=\u00a0\u00bb100&Prime; shift_y=\u00a0\u00bb0&Prime; z_index=\u00a0\u00bb0&Prime;][vc_column width=\u00a0\u00bb1\/2&Prime;][vc_single_image media=\u00a0\u00bb83&Prime; media_lightbox=\u00a0\u00bbyes\u00a0\u00bb media_width_percent=\u00a0\u00bb100&Prime; shadow=\u00a0\u00bbyes\u00a0\u00bb css_animation=\u00a0\u00bbleft-t-right\u00a0\u00bb][\/vc_column][vc_column column_width_percent=\u00a0\u00bb100&Prime; position_vertical=\u00a0\u00bbmiddle\u00a0\u00bb gutter_size=\u00a0\u00bb2&Prime; overlay_alpha=\u00a0\u00bb50&Prime; shift_x=\u00a0\u00bb0&Prime; shift_y=\u00a0\u00bb0&Prime; shift_y_down=\u00a0\u00bb0&Prime; z_index=\u00a0\u00bb0&Prime; medium_width=\u00a0\u00bb0&Prime; mobile_width=\u00a0\u00bb0&Prime; width=\u00a0\u00bb1\/2&Prime;][vc_custom_heading heading_semantic=\u00a0\u00bbp\u00a0\u00bb text_size=\u00a0\u00bb\u00a0\u00bb text_weight=\u00a0\u00bb300&Prime;]La mezzo-soprano fran\u00e7aise Sabine Garrone ach\u00e8ve sa formation au Flanders Operastudio de Gand, apr\u00e8s avoir suivi ses \u00e9tudes vocales aupr\u00e8s de Laura Sarti \u00e0 la Guildhall School of Music &amp; Drama de Londres et ses \u00e9tudes violonistiques aupr\u00e8s d\u2019Yfrah Neaman et d\u2019Alain Moglia.[\/vc_custom_heading][vc_custom_heading heading_semantic=\u00a0\u00bbp\u00a0\u00bb text_size=\u00a0\u00bb\u00a0\u00bb text_weight=\u00a0\u00bb300&Prime;]Elle b\u00e9n\u00e9ficie pour ses \u00e9tudes du soutien du <strong>M\u00e9c\u00e9nat Musical de la Soci\u00e9t\u00e9 G\u00e9n\u00e9rale<\/strong> et remporte le <strong>prix Gabriel Faur\u00e9 \u2013 D\u00e9odat de S\u00e9verac<\/strong> au Concours International de M\u00e9lodie Fran\u00e7aise de Toulouse 2005.[\/vc_custom_heading][\/vc_column][\/vc_row][vc_row row_height_percent=\u00a0\u00bb0&Prime; override_padding=\u00a0\u00bbyes\u00a0\u00bb h_padding=\u00a0\u00bb3&Prime; top_padding=\u00a0\u00bb3&Prime; bottom_padding=\u00a0\u00bb3&Prime; back_color=\u00a0\u00bbcolor-lxmt\u00a0\u00bb overlay_alpha=\u00a0\u00bb50&Prime; equal_height=\u00a0\u00bbyes\u00a0\u00bb gutter_size=\u00a0\u00bb4&Prime; column_width_percent=\u00a0\u00bb100&Prime; shift_y=\u00a0\u00bb0&Prime; z_index=\u00a0\u00bb0&Prime; inverted_device_order=\u00a0\u00bbyes\u00a0\u00bb shape_dividers=\u00a0\u00bb\u00a0\u00bb][vc_column column_width_percent=\u00a0\u00bb100&Prime; position_vertical=\u00a0\u00bbmiddle\u00a0\u00bb gutter_size=\u00a0\u00bb2&Prime; overlay_alpha=\u00a0\u00bb50&Prime; shift_x=\u00a0\u00bb0&Prime; shift_y=\u00a0\u00bb0&Prime; shift_y_down=\u00a0\u00bb0&Prime; z_index=\u00a0\u00bb0&Prime; medium_width=\u00a0\u00bb0&Prime; mobile_width=\u00a0\u00bb0&Prime; width=\u00a0\u00bb2\/3&Prime;][vc_custom_heading heading_semantic=\u00a0\u00bbp\u00a0\u00bb text_size=\u00a0\u00bbh4&Prime; text_weight=\u00a0\u00bb300&Prime;]<strong>Parmi ses r\u00f4les op\u00e9ratiques on compte<\/strong>[\/vc_custom_heading][uncode_list icon=\u00a0\u00bbfa fa-caret-right\u00a0\u00bb icon_color=\u00a0\u00bbaccent\u00a0\u00bb]<\/p>\n<ul>\n<li>Cherubino\/Le Nozze di Figaro (Festival Opera Napier, New Zealand)<\/li>\n<li>Georg, Frau Gabor et Frau Bergman\/Fr\u00fchlings Erwachen (Th\u00e9\u00e2tre Royal de la Monnaie et Op\u00e9ra National du Rhin)<\/li>\n<li>Rosina\/Les Fian\u00e7ailles au Couvent (Festival de Gyndebourne)<\/li>\n<li>Ruggiero\/Alcina (programme Jerwood \u00e0 Glyndebourne)<\/li>\n<li>Nancy\/Albert Herring (Vlaamse Opera),<\/li>\n<li>Suzuki\/Madama Butterfly (Duo Dijon)<\/li>\n<li>S\u0153ur Mathilde\/Les Dialogues des Carm\u00e9lites (Orchestre National du Capitole de Toulouse)<\/li>\n<li>la Messaggera et Speranza\/L\u2019Orfeo (BandArt Academia)<\/li>\n<li>Nicklausse, La M\u00e8re\/Les Contes d\u2019Hoffmann et La Deuxi\u00e8me dame\/La Fl\u00fbte enchant\u00e9e (Festival de Saint-C\u00e9r\u00e9 et sa tourn\u00e9e)<\/li>\n<li>Une Isra\u00e9lite\/Esther (Les Demoiselles de Saint-Cyr)<\/li>\n<li>Dorabella\/Cos\u00ec fan tutte, St\u00e9phano\/Rom\u00e9o et Juliette, Bertarido\/Rodelinda (Guildhall School of Music &amp; Drama et Flanders Operastudio)<\/li>\n<\/ul>\n<p>[\/uncode_list][\/vc_column][vc_column width=\u00a0\u00bb1\/3&Prime;][vc_single_image media=\u00a0\u00bb108&Prime; media_width_percent=\u00a0\u00bb100&Prime; shadow=\u00a0\u00bbyes\u00a0\u00bb css_animation=\u00a0\u00bbright-t-left\u00a0\u00bb][\/vc_column][\/vc_row][vc_row row_height_percent=\u00a0\u00bb0&Prime; override_padding=\u00a0\u00bbyes\u00a0\u00bb h_padding=\u00a0\u00bb3&Prime; top_padding=\u00a0\u00bb3&Prime; bottom_padding=\u00a0\u00bb3&Prime; overlay_alpha=\u00a0\u00bb50&Prime; equal_height=\u00a0\u00bbyes\u00a0\u00bb gutter_size=\u00a0\u00bb4&Prime; column_width_percent=\u00a0\u00bb100&Prime; shift_y=\u00a0\u00bb0&Prime; z_index=\u00a0\u00bb0&Prime;][vc_column column_width_use_pixel=\u00a0\u00bbyes\u00a0\u00bb position_horizontal=\u00a0\u00bbright\u00a0\u00bb gutter_size=\u00a0\u00bb3&Prime; overlay_alpha=\u00a0\u00bb50&Prime; shift_x=\u00a0\u00bb0&Prime; shift_y=\u00a0\u00bb0&Prime; shift_y_down=\u00a0\u00bb0&Prime; z_index=\u00a0\u00bb0&Prime; medium_width=\u00a0\u00bb0&Prime; mobile_width=\u00a0\u00bb0&Prime; width=\u00a0\u00bb1\/2&Prime; column_width_pixel=\u00a0\u00bb400&Prime;][vc_single_image media=\u00a0\u00bb90&Prime; media_lightbox=\u00a0\u00bbyes\u00a0\u00bb media_width_percent=\u00a0\u00bb100&Prime; shadow=\u00a0\u00bbyes\u00a0\u00bb css_animation=\u00a0\u00bbleft-t-right\u00a0\u00bb][\/vc_column][vc_column column_width_use_pixel=\u00a0\u00bbyes\u00a0\u00bb position_horizontal=\u00a0\u00bbleft\u00a0\u00bb position_vertical=\u00a0\u00bbmiddle\u00a0\u00bb gutter_size=\u00a0\u00bb2&Prime; overlay_alpha=\u00a0\u00bb50&Prime; shift_x=\u00a0\u00bb0&Prime; shift_y=\u00a0\u00bb0&Prime; shift_y_down=\u00a0\u00bb0&Prime; z_index=\u00a0\u00bb0&Prime; medium_width=\u00a0\u00bb0&Prime; mobile_width=\u00a0\u00bb0&Prime; width=\u00a0\u00bb1\/2&Prime; column_width_pixel=\u00a0\u00bb400&Prime;][vc_custom_heading heading_semantic=\u00a0\u00bbp\u00a0\u00bb text_size=\u00a0\u00bbh4&Prime; text_weight=\u00a0\u00bb300&Prime;]<strong>En concert elle a travaill\u00e9 avec<\/strong>[\/vc_custom_heading][uncode_list icon=\u00a0\u00bbfa fa-caret-right\u00a0\u00bb icon_color=\u00a0\u00bbaccent\u00a0\u00bb]<\/p>\n<ul>\n<li><strong>Michel Plasson<\/strong> et L&rsquo;Orchestre National du Capitole<\/li>\n<li><strong>Pascal Roph\u00e9<\/strong> et L\u2019Orchestre Philharmonique de Li\u00e8ge<\/li>\n<li><strong>David Angus<\/strong> et le Flanders Symfonieorkest<\/li>\n<li><strong>Jo\u00ebl Suhubiette<\/strong> et Le Ch\u0153ur de Chambre Les El\u00e9ments<\/li>\n<\/ul>\n<p>[\/uncode_list][vc_custom_heading heading_semantic=\u00a0\u00bbp\u00a0\u00bb text_size=\u00a0\u00bb\u00a0\u00bb text_weight=\u00a0\u00bb300&Prime;]Elle appara\u00eet \u00e9galement dans le CD <i>Full Fathom Five<\/i> r\u00e9compens\u00e9 par un <i>Diapason d\u2019Or<\/i>.[\/vc_custom_heading][\/vc_column][\/vc_row]<\/p>\n<\/div>","protected":false},"excerpt":{"rendered":"<p>[vc_row row_height_percent=\u00a0\u00bb0&Prime; override_padding=\u00a0\u00bbyes\u00a0\u00bb h_padding=\u00a0\u00bb3&Prime; top_padding=\u00a0\u00bb5&Prime; bottom_padding=\u00a0\u00bb3&Prime; overlay_alpha=\u00a0\u00bb50&Prime; equal_height=\u00a0\u00bbyes\u00a0\u00bb gutter_size=\u00a0\u00bb4&Prime; column_width_percent=\u00a0\u00bb100&Prime; shift_y=\u00a0\u00bb0&Prime; z_index=\u00a0\u00bb0&Prime;][vc_column width=\u00a0\u00bb1\/2&Prime;][vc_single_image media=\u00a0\u00bb83&Prime; media_lightbox=\u00a0\u00bbyes\u00a0\u00bb media_width_percent=\u00a0\u00bb100&Prime; shadow=\u00a0\u00bbyes\u00a0\u00bb css_animation=\u00a0\u00bbleft-t-right\u00a0\u00bb][\/vc_column][vc_column column_width_percent=\u00a0\u00bb100&Prime; position_vertical=\u00a0\u00bbmiddle\u00a0\u00bb [&hellip;]<\/p>\n","protected":false},"author":1,"featured_media":0,"parent":0,"menu_order":0,"comment_status":"closed","ping_status":"closed","template":"","meta":{"footnotes":""},"class_list":["post-278","page","type-page","status-publish","hentry"],"yoast_head":"<!-- This site is optimized with the Yoast SEO plugin v27.3 - https:\/\/yoast.com\/product\/yoast-seo-wordpress\/ -->\n<title>Biographie - Sabine Garrone - Mezzo-Soprano<\/title>\n<meta name=\"robots\" content=\"index, follow, max-snippet:-1, max-image-preview:large, max-video-preview:-1\" \/>\n<link rel=\"canonical\" href=\"https:\/\/www.sabine-garrone.com\/fr\/biography\/\" \/>\n<meta property=\"og:locale\" content=\"fr_FR\" \/>\n<meta property=\"og:type\" content=\"article\" \/>\n<meta property=\"og:title\" content=\"Biographie - Sabine Garrone - Mezzo-Soprano\" \/>\n<meta property=\"og:description\" content=\"[vc_row row_height_percent=\u00a0\u00bb0&Prime; override_padding=\u00a0\u00bbyes\u00a0\u00bb h_padding=\u00a0\u00bb3&Prime; top_padding=\u00a0\u00bb5&Prime; bottom_padding=\u00a0\u00bb3&Prime; overlay_alpha=\u00a0\u00bb50&Prime; equal_height=\u00a0\u00bbyes\u00a0\u00bb gutter_size=\u00a0\u00bb4&Prime; column_width_percent=\u00a0\u00bb100&Prime; shift_y=\u00a0\u00bb0&Prime; z_index=\u00a0\u00bb0&Prime;][vc_column width=\u00a0\u00bb1\/2&Prime;][vc_single_image media=\u00a0\u00bb83&Prime; media_lightbox=\u00a0\u00bbyes\u00a0\u00bb media_width_percent=\u00a0\u00bb100&Prime; shadow=\u00a0\u00bbyes\u00a0\u00bb css_animation=\u00a0\u00bbleft-t-right\u00a0\u00bb][\/vc_column][vc_column column_width_percent=\u00a0\u00bb100&Prime; position_vertical=\u00a0\u00bbmiddle\u00a0\u00bb [&hellip;]\" \/>\n<meta property=\"og:url\" content=\"https:\/\/www.sabine-garrone.com\/fr\/biography\/\" \/>\n<meta property=\"og:site_name\" content=\"Sabine Garrone - Mezzo-Soprano\" \/>\n<meta property=\"article:modified_time\" content=\"2021-01-07T10:37:30+00:00\" \/>\n<meta name=\"twitter:card\" content=\"summary_large_image\" \/>\n<meta name=\"twitter:label1\" content=\"Dur\u00e9e de lecture estim\u00e9e\" \/>\n\t<meta name=\"twitter:data1\" content=\"3 minutes\" \/>\n<script type=\"application\/ld+json\" class=\"yoast-schema-graph\">{\"@context\":\"https:\\\/\\\/schema.org\",\"@graph\":[{\"@type\":\"WebPage\",\"@id\":\"https:\\\/\\\/www.sabine-garrone.com\\\/fr\\\/biography\\\/\",\"url\":\"https:\\\/\\\/www.sabine-garrone.com\\\/fr\\\/biography\\\/\",\"name\":\"Biographie - Sabine Garrone - Mezzo-Soprano\",\"isPartOf\":{\"@id\":\"https:\\\/\\\/www.sabine-garrone.com\\\/fr\\\/#website\"},\"datePublished\":\"2021-01-07T10:02:35+00:00\",\"dateModified\":\"2021-01-07T10:37:30+00:00\",\"breadcrumb\":{\"@id\":\"https:\\\/\\\/www.sabine-garrone.com\\\/fr\\\/biography\\\/#breadcrumb\"},\"inLanguage\":\"fr-FR\",\"potentialAction\":[{\"@type\":\"ReadAction\",\"target\":[\"https:\\\/\\\/www.sabine-garrone.com\\\/fr\\\/biography\\\/\"]}]},{\"@type\":\"BreadcrumbList\",\"@id\":\"https:\\\/\\\/www.sabine-garrone.com\\\/fr\\\/biography\\\/#breadcrumb\",\"itemListElement\":[{\"@type\":\"ListItem\",\"position\":1,\"name\":\"Home\",\"item\":\"https:\\\/\\\/www.sabine-garrone.com\\\/fr\\\/\"},{\"@type\":\"ListItem\",\"position\":2,\"name\":\"Biographie\"}]},{\"@type\":\"WebSite\",\"@id\":\"https:\\\/\\\/www.sabine-garrone.com\\\/fr\\\/#website\",\"url\":\"https:\\\/\\\/www.sabine-garrone.com\\\/fr\\\/\",\"name\":\"Sabine Garrone - Mezzo-Soprano\",\"description\":\"\",\"publisher\":{\"@id\":\"https:\\\/\\\/www.sabine-garrone.com\\\/fr\\\/#organization\"},\"potentialAction\":[{\"@type\":\"SearchAction\",\"target\":{\"@type\":\"EntryPoint\",\"urlTemplate\":\"https:\\\/\\\/www.sabine-garrone.com\\\/fr\\\/?s={search_term_string}\"},\"query-input\":{\"@type\":\"PropertyValueSpecification\",\"valueRequired\":true,\"valueName\":\"search_term_string\"}}],\"inLanguage\":\"fr-FR\"},{\"@type\":\"Organization\",\"@id\":\"https:\\\/\\\/www.sabine-garrone.com\\\/fr\\\/#organization\",\"name\":\"Sabine Garrone\",\"url\":\"https:\\\/\\\/www.sabine-garrone.com\\\/fr\\\/\",\"logo\":{\"@type\":\"ImageObject\",\"inLanguage\":\"fr-FR\",\"@id\":\"https:\\\/\\\/www.sabine-garrone.com\\\/fr\\\/#\\\/schema\\\/logo\\\/image\\\/\",\"url\":\"https:\\\/\\\/www.sabine-garrone.com\\\/wp-content\\\/uploads\\\/2020\\\/12\\\/header-home-mobile.jpg\",\"contentUrl\":\"https:\\\/\\\/www.sabine-garrone.com\\\/wp-content\\\/uploads\\\/2020\\\/12\\\/header-home-mobile.jpg\",\"width\":1435,\"height\":1281,\"caption\":\"Sabine Garrone\"},\"image\":{\"@id\":\"https:\\\/\\\/www.sabine-garrone.com\\\/fr\\\/#\\\/schema\\\/logo\\\/image\\\/\"}}]}<\/script>\n<!-- \/ Yoast SEO plugin. -->","yoast_head_json":{"title":"Biographie - Sabine Garrone - Mezzo-Soprano","robots":{"index":"index","follow":"follow","max-snippet":"max-snippet:-1","max-image-preview":"max-image-preview:large","max-video-preview":"max-video-preview:-1"},"canonical":"https:\/\/www.sabine-garrone.com\/fr\/biography\/","og_locale":"fr_FR","og_type":"article","og_title":"Biographie - Sabine Garrone - Mezzo-Soprano","og_description":"[vc_row row_height_percent=\u00a0\u00bb0&Prime; override_padding=\u00a0\u00bbyes\u00a0\u00bb h_padding=\u00a0\u00bb3&Prime; top_padding=\u00a0\u00bb5&Prime; bottom_padding=\u00a0\u00bb3&Prime; overlay_alpha=\u00a0\u00bb50&Prime; equal_height=\u00a0\u00bbyes\u00a0\u00bb gutter_size=\u00a0\u00bb4&Prime; column_width_percent=\u00a0\u00bb100&Prime; shift_y=\u00a0\u00bb0&Prime; z_index=\u00a0\u00bb0&Prime;][vc_column width=\u00a0\u00bb1\/2&Prime;][vc_single_image media=\u00a0\u00bb83&Prime; media_lightbox=\u00a0\u00bbyes\u00a0\u00bb media_width_percent=\u00a0\u00bb100&Prime; shadow=\u00a0\u00bbyes\u00a0\u00bb css_animation=\u00a0\u00bbleft-t-right\u00a0\u00bb][\/vc_column][vc_column column_width_percent=\u00a0\u00bb100&Prime; position_vertical=\u00a0\u00bbmiddle\u00a0\u00bb [&hellip;]","og_url":"https:\/\/www.sabine-garrone.com\/fr\/biography\/","og_site_name":"Sabine Garrone - Mezzo-Soprano","article_modified_time":"2021-01-07T10:37:30+00:00","twitter_card":"summary_large_image","twitter_misc":{"Dur\u00e9e de lecture estim\u00e9e":"3 minutes"},"schema":{"@context":"https:\/\/schema.org","@graph":[{"@type":"WebPage","@id":"https:\/\/www.sabine-garrone.com\/fr\/biography\/","url":"https:\/\/www.sabine-garrone.com\/fr\/biography\/","name":"Biographie - Sabine Garrone - Mezzo-Soprano","isPartOf":{"@id":"https:\/\/www.sabine-garrone.com\/fr\/#website"},"datePublished":"2021-01-07T10:02:35+00:00","dateModified":"2021-01-07T10:37:30+00:00","breadcrumb":{"@id":"https:\/\/www.sabine-garrone.com\/fr\/biography\/#breadcrumb"},"inLanguage":"fr-FR","potentialAction":[{"@type":"ReadAction","target":["https:\/\/www.sabine-garrone.com\/fr\/biography\/"]}]},{"@type":"BreadcrumbList","@id":"https:\/\/www.sabine-garrone.com\/fr\/biography\/#breadcrumb","itemListElement":[{"@type":"ListItem","position":1,"name":"Home","item":"https:\/\/www.sabine-garrone.com\/fr\/"},{"@type":"ListItem","position":2,"name":"Biographie"}]},{"@type":"WebSite","@id":"https:\/\/www.sabine-garrone.com\/fr\/#website","url":"https:\/\/www.sabine-garrone.com\/fr\/","name":"Sabine Garrone - Mezzo-Soprano","description":"","publisher":{"@id":"https:\/\/www.sabine-garrone.com\/fr\/#organization"},"potentialAction":[{"@type":"SearchAction","target":{"@type":"EntryPoint","urlTemplate":"https:\/\/www.sabine-garrone.com\/fr\/?s={search_term_string}"},"query-input":{"@type":"PropertyValueSpecification","valueRequired":true,"valueName":"search_term_string"}}],"inLanguage":"fr-FR"},{"@type":"Organization","@id":"https:\/\/www.sabine-garrone.com\/fr\/#organization","name":"Sabine Garrone","url":"https:\/\/www.sabine-garrone.com\/fr\/","logo":{"@type":"ImageObject","inLanguage":"fr-FR","@id":"https:\/\/www.sabine-garrone.com\/fr\/#\/schema\/logo\/image\/","url":"https:\/\/www.sabine-garrone.com\/wp-content\/uploads\/2020\/12\/header-home-mobile.jpg","contentUrl":"https:\/\/www.sabine-garrone.com\/wp-content\/uploads\/2020\/12\/header-home-mobile.jpg","width":1435,"height":1281,"caption":"Sabine Garrone"},"image":{"@id":"https:\/\/www.sabine-garrone.com\/fr\/#\/schema\/logo\/image\/"}}]}},"_links":{"self":[{"href":"https:\/\/www.sabine-garrone.com\/fr\/wp-json\/wp\/v2\/pages\/278","targetHints":{"allow":["GET"]}}],"collection":[{"href":"https:\/\/www.sabine-garrone.com\/fr\/wp-json\/wp\/v2\/pages"}],"about":[{"href":"https:\/\/www.sabine-garrone.com\/fr\/wp-json\/wp\/v2\/types\/page"}],"author":[{"embeddable":true,"href":"https:\/\/www.sabine-garrone.com\/fr\/wp-json\/wp\/v2\/users\/1"}],"replies":[{"embeddable":true,"href":"https:\/\/www.sabine-garrone.com\/fr\/wp-json\/wp\/v2\/comments?post=278"}],"version-history":[{"count":5,"href":"https:\/\/www.sabine-garrone.com\/fr\/wp-json\/wp\/v2\/pages\/278\/revisions"}],"predecessor-version":[{"id":332,"href":"https:\/\/www.sabine-garrone.com\/fr\/wp-json\/wp\/v2\/pages\/278\/revisions\/332"}],"wp:attachment":[{"href":"https:\/\/www.sabine-garrone.com\/fr\/wp-json\/wp\/v2\/media?parent=278"}],"curies":[{"name":"wp","href":"https:\/\/api.w.org\/{rel}","templated":true}]}}