{"id":301,"date":"2021-01-07T10:04:12","date_gmt":"2021-01-07T10:04:12","guid":{"rendered":"https:\/\/www.sabine-garrone.com\/repertoire\/"},"modified":"2021-01-07T10:58:47","modified_gmt":"2021-01-07T10:58:47","slug":"repertoire","status":"publish","type":"page","link":"https:\/\/www.sabine-garrone.com\/fr\/repertoire\/","title":{"rendered":"R\u00e9pertoire"},"content":{"rendered":"<div class=\"wpb-content-wrapper\"><p>[vc_row row_height_percent=\u00a0\u00bb0&Prime; override_padding=\u00a0\u00bbyes\u00a0\u00bb h_padding=\u00a0\u00bb3&Prime; top_padding=\u00a0\u00bb3&Prime; bottom_padding=\u00a0\u00bb3&Prime; overlay_alpha=\u00a0\u00bb50&Prime; gutter_size=\u00a0\u00bb3&Prime; column_width_percent=\u00a0\u00bb100&Prime; shift_y=\u00a0\u00bb0&Prime; z_index=\u00a0\u00bb0&Prime;][vc_column width=\u00a0\u00bb1\/1&Prime;][vc_custom_heading text_size=\u00a0\u00bbh4&Prime; text_weight=\u00a0\u00bb600&Prime;]R\u00f4les[\/vc_custom_heading][vc_column_text css_animation=\u00a0\u00bbalpha-anim\u00a0\u00bb]<\/p>\n<table border=\"0\" cellspacing=\"0\" cellpadding=\"0\" align=\"center\">\n<tbody>\n<tr>\n<td valign=\"top\">Rosina<\/td>\n<td valign=\"top\">Les Fian\u00e7ailles au couvent \/ Prokofiev<\/td>\n<td valign=\"top\">Festival de Glyndebourne<\/td>\n<\/tr>\n<tr>\n<td valign=\"top\">Georg<\/td>\n<td valign=\"top\">Fr\u00fchlings Erwachen (L\u2019\u00c9veil du printemps) \/ Mernier<\/td>\n<td valign=\"top\">Op\u00e9ra Royal de La Monnaie, Bruxelles \/ Op\u00e9ra National du Rhin, Strasbourg<\/td>\n<\/tr>\n<tr>\n<td valign=\"top\">S\u0153ur Mathilde<\/td>\n<td valign=\"top\">Les Dialogues des Carm\u00e9lites \/ Poulenc<\/td>\n<td valign=\"top\">Halles aux Grains, Toulouse<\/td>\n<\/tr>\n<tr>\n<td valign=\"top\">Suzuki<\/td>\n<td valign=\"top\">Madama Butterfly \/ Puccini<\/td>\n<td valign=\"top\">Op\u00e9ra de Dijon<\/td>\n<\/tr>\n<tr>\n<td valign=\"top\">Nicklausse, <i>la muse<\/i><\/td>\n<td valign=\"top\">Les Contes d\u2019Hoffmann \/ Offenbach<\/td>\n<td valign=\"top\">Op\u00e9ra de Dijon \/ Le Pin galant de M\u00e9rignac \/ Th\u00e9\u00e2tre Municipal de Grenoble \/ Festival de St C\u00e9r\u00e9 \/ etc.<\/td>\n<\/tr>\n<tr>\n<td valign=\"top\">La voix de la m\u00e8re<\/td>\n<td valign=\"top\">Les Contes d\u2019Hoffmann \/ Offenbach<\/td>\n<td valign=\"top\">Op\u00e9ra de Dijon \/ Le Pin galant de M\u00e9rignac \/ Th\u00e9\u00e2tre Municipal de Grenoble \/ Festival de St C\u00e9r\u00e9 \/ etc.<\/td>\n<\/tr>\n<tr>\n<td valign=\"top\">Nancy<\/td>\n<td valign=\"top\">Albert Herring \/ Britten<\/td>\n<td valign=\"top\">Op\u00e9ra des Flandres (Op\u00e9ra studio), Gand et Anvers<\/td>\n<\/tr>\n<tr>\n<td valign=\"top\">Sylvia, <i>la messag\u00e8re<\/i><\/td>\n<td valign=\"top\">L\u2019Orfeo \/ Monteverdi<\/td>\n<td valign=\"top\">Lugo et S\u00e9govie<\/td>\n<\/tr>\n<tr>\n<td valign=\"top\">Speranza<\/td>\n<td valign=\"top\">L\u2019Orfeo \/ Monteverdi<\/td>\n<td valign=\"top\">Lugo et S\u00e9govie<\/td>\n<\/tr>\n<tr>\n<td valign=\"top\">Deuxi\u00e8me Dame<\/td>\n<td valign=\"top\">Die Zauberfl\u00f6te (La Fl\u00fbte enchant\u00e9e) \/ Mozart<\/td>\n<td valign=\"top\">Festival de St C\u00e9r\u00e9<\/td>\n<\/tr>\n<tr>\n<td valign=\"top\">Giunone<\/td>\n<td valign=\"top\">La Didone \/ Cavalli<\/td>\n<td valign=\"top\">Guildhall School of Music &amp; Drama, Londres<\/td>\n<\/tr>\n<tr>\n<td valign=\"top\">Fortuna<\/td>\n<td valign=\"top\">La Didone \/ Cavalli<\/td>\n<td valign=\"top\">Guildhall School of Music &amp; Drama, Londres<\/td>\n<\/tr>\n<tr>\n<td valign=\"top\">Adza<\/td>\n<td valign=\"top\">L\u2019\u00c9toile \/ Chabrier<\/td>\n<td valign=\"top\">Guildhall School of Music &amp; Drama, Londres<\/td>\n<\/tr>\n<tr>\n<td valign=\"top\">Une Berg\u00e8re<\/td>\n<td valign=\"top\">La F\u00eate de Ruel \/ Charpentier<\/td>\n<td valign=\"top\">Cheltenham International Festival of Music<\/td>\n<\/tr>\n<tr>\n<td valign=\"top\">St\u00e9phano<\/td>\n<td valign=\"top\">Rom\u00e9o et Juliette \/ Gounod<\/td>\n<td valign=\"top\">Op\u00e9ra des Flandres (Op\u00e9ra studio), Gand<\/td>\n<\/tr>\n<tr>\n<td valign=\"top\">\u00c9tudiante 1, 2 et 3<\/td>\n<td valign=\"top\">Republica-Republica \/ Kojoukharov<\/td>\n<td valign=\"top\">Op\u00e9ra de Montpellier (Op\u00e9ra Junior)<\/td>\n<\/tr>\n<tr>\n<td valign=\"top\">Une Isra\u00e9lite<\/td>\n<td valign=\"top\">Esther \/ Moreau<\/td>\n<td valign=\"top\">Op\u00e9ra de Montpellier (Op\u00e9ra Junior) \/ Villa M\u00e9dicis, Rome (Les Demoiselles de St Cyr)<\/td>\n<\/tr>\n<tr>\n<td valign=\"top\">Didon<\/td>\n<td valign=\"top\">Didon &amp; En\u00e9e \/ Purcell<\/td>\n<td valign=\"top\">Op\u00e9ra de Montpellier (Op\u00e9ra Junior)<\/td>\n<\/tr>\n<tr>\n<td valign=\"top\">2\u00e8me \u00c9tudiant<\/td>\n<td valign=\"top\">Celui qui dit oui, Celui qui dit non (Der Jasager, Der Neinsager) \/ Weill<\/td>\n<td valign=\"top\">Op\u00e9ra de Montpellier (Op\u00e9ra Junior)<\/td>\n<\/tr>\n<\/tbody>\n<\/table>\n<p>[\/vc_column_text][\/vc_column][\/vc_row][vc_row row_height_percent=\u00a0\u00bb0&Prime; override_padding=\u00a0\u00bbyes\u00a0\u00bb h_padding=\u00a0\u00bb3&Prime; top_padding=\u00a0\u00bb3&Prime; bottom_padding=\u00a0\u00bb3&Prime; back_color=\u00a0\u00bbcolor-lxmt\u00a0\u00bb overlay_alpha=\u00a0\u00bb50&Prime; gutter_size=\u00a0\u00bb3&Prime; column_width_percent=\u00a0\u00bb100&Prime; shift_y=\u00a0\u00bb0&Prime; z_index=\u00a0\u00bb0&Prime;][vc_column width=\u00a0\u00bb1\/1&Prime;][vc_custom_heading text_size=\u00a0\u00bbh4&Prime; text_weight=\u00a0\u00bb600&Prime;]R\u00f4les \u00e9tudi\u00e9s dans leur totalit\u00e9[\/vc_custom_heading][vc_column_text css_animation=\u00a0\u00bbalpha-anim\u00a0\u00bb]<\/p>\n<table border=\"0\" cellspacing=\"0\" cellpadding=\"0\" align=\"center\">\n<tbody>\n<tr>\n<td valign=\"top\">Yniold<\/td>\n<td valign=\"top\">Pell\u00e9as et M\u00e9lisande \/ Debussy<\/td>\n<td valign=\"top\"><\/td>\n<\/tr>\n<tr>\n<td valign=\"top\">Dimitri<\/td>\n<td valign=\"top\">Fedora \/ Giordano<\/td>\n<td valign=\"top\"><\/td>\n<\/tr>\n<tr>\n<td valign=\"top\">Un piccolo savoiardo<\/td>\n<td valign=\"top\">Fedora \/ Giordano<\/td>\n<td valign=\"top\"><\/td>\n<\/tr>\n<tr>\n<td valign=\"top\">La m\u00e8re<\/td>\n<td valign=\"top\">Cendrillon \/ Kojoukharov<\/td>\n<td valign=\"top\">Doublure, Op\u00e9ra de Montpellier (Op\u00e9ra Junior)<\/td>\n<\/tr>\n<tr>\n<td valign=\"top\">Frau Gabor &amp; Frau Bergmann<\/td>\n<td valign=\"top\">Fr\u00fchlings Erwachen (L\u2019\u00c9veil du printemps) \/ Mernier<\/td>\n<td valign=\"top\">Doublure, Op\u00e9ra Royal de La Monnaie, Bruxelles<\/td>\n<\/tr>\n<\/tbody>\n<\/table>\n<p>[\/vc_column_text][\/vc_column][\/vc_row][vc_row row_height_percent=\u00a0\u00bb0&Prime; override_padding=\u00a0\u00bbyes\u00a0\u00bb h_padding=\u00a0\u00bb3&Prime; top_padding=\u00a0\u00bb3&Prime; bottom_padding=\u00a0\u00bb3&Prime; overlay_alpha=\u00a0\u00bb50&Prime; gutter_size=\u00a0\u00bb3&Prime; column_width_percent=\u00a0\u00bb100&Prime; shift_y=\u00a0\u00bb0&Prime; z_index=\u00a0\u00bb0&Prime;][vc_column width=\u00a0\u00bb1\/1&Prime;][vc_custom_heading text_size=\u00a0\u00bbh4&Prime; text_weight=\u00a0\u00bb600&Prime;]R\u00f4les partiellement \u00e9tudi\u00e9s ou ex\u00e9cut\u00e9s[\/vc_custom_heading][vc_column_text css_animation=\u00a0\u00bbalpha-anim\u00a0\u00bb]<\/p>\n<table border=\"0\" cellspacing=\"0\" cellpadding=\"0\" align=\"center\">\n<tbody>\n<tr>\n<td valign=\"top\">Erika<\/td>\n<td valign=\"top\">Vanessa \/ Barber<\/td>\n<td valign=\"top\"><\/td>\n<\/tr>\n<tr>\n<td valign=\"top\">Hermia<\/td>\n<td valign=\"top\">Midsummer Night\u2019s Dream (Le Songe d\u2019une nuit d\u2019\u00e9t\u00e9) \/ Britten<\/td>\n<td valign=\"top\"><\/td>\n<\/tr>\n<tr>\n<td valign=\"top\">M\u00e9d\u00e9e<\/td>\n<td valign=\"top\">M\u00e9d\u00e9e \/ Charpentier<\/td>\n<td valign=\"top\"><\/td>\n<\/tr>\n<tr>\n<td valign=\"top\">Si\u00e9bel<\/td>\n<td valign=\"top\">Faust \/ Gounod<\/td>\n<td valign=\"top\"><\/td>\n<\/tr>\n<tr>\n<td valign=\"top\">Sesto<\/td>\n<td valign=\"top\">Giulio Cesare (Jules C\u00e9sar) \/ H\u00e4ndel<\/td>\n<td valign=\"top\"><\/td>\n<\/tr>\n<tr>\n<td valign=\"top\">Ruggiero<\/td>\n<td valign=\"top\">Alcina \/ H\u00e4ndel<\/td>\n<td valign=\"top\">Glyndebourne Jerwood Project<\/td>\n<\/tr>\n<tr>\n<td valign=\"top\">Ariodante<\/td>\n<td valign=\"top\">Ariodante \/ H\u00e4ndel<\/td>\n<td valign=\"top\"><\/td>\n<\/tr>\n<tr>\n<td valign=\"top\">Bertarido<\/td>\n<td valign=\"top\">Rodelinda \/ H\u00e4ndel<\/td>\n<td valign=\"top\">Guildhall School of Music &amp; Drama, Londres<\/td>\n<\/tr>\n<tr>\n<td valign=\"top\">Arcabonne<\/td>\n<td valign=\"top\">Amadis \/ Lully<\/td>\n<td valign=\"top\"><\/td>\n<\/tr>\n<tr>\n<td valign=\"top\">Armide<\/td>\n<td valign=\"top\">Amide \/ Lully<\/td>\n<td valign=\"top\">Conservatoire National de R\u00e9gion de Toulouse<\/td>\n<\/tr>\n<tr>\n<td valign=\"top\">Beppe<\/td>\n<td valign=\"top\">L\u2019Amico Fritz \/ Mascagni<\/td>\n<td valign=\"top\">Guildhall School of Music &amp; Drama, Londres<\/td>\n<\/tr>\n<tr>\n<td valign=\"top\">Charlotte<\/td>\n<td valign=\"top\">Werther \/ Massenet<\/td>\n<td valign=\"top\"><\/td>\n<\/tr>\n<tr>\n<td valign=\"top\">Cendrillon<\/td>\n<td valign=\"top\">Cendrillon \/ Massenet<\/td>\n<td valign=\"top\">Op\u00e9ra des Flandres (Op\u00e9ra studio), Gand<\/td>\n<\/tr>\n<tr>\n<td valign=\"top\">Proserpina (Proserpine)<\/td>\n<td valign=\"top\">L\u2019Orfeo \/ Monteverdi<\/td>\n<td valign=\"top\"><\/td>\n<\/tr>\n<tr>\n<td valign=\"top\">Sesto (Sextus)<\/td>\n<td valign=\"top\">La Clemenza di Tito (La Cl\u00e9mence de Titus) \/ Mozart<\/td>\n<td valign=\"top\"><\/td>\n<\/tr>\n<tr>\n<td valign=\"top\">Cherubin (Cherubino)<\/td>\n<td valign=\"top\">Le Nozze di Figaro (Les Noces de Figaro) \/ Mozart<\/td>\n<td valign=\"top\">Guildhall School of Music &amp; Drama, Londres \/ Op\u00e9ra studio des Flandres, Gand et Amsterdam<\/td>\n<\/tr>\n<tr>\n<td valign=\"top\">Dorabella<\/td>\n<td valign=\"top\">Cos\u00ec fan Tutte (Ainsi font-elles toutes) \/ Mozart<\/td>\n<td valign=\"top\">Guildhall School of Music &amp; Drama, Londres \/ Op\u00e9ra studio des Flandres, Gand<\/td>\n<\/tr>\n<tr>\n<td valign=\"top\">Zerlina<\/td>\n<td valign=\"top\">Don Giovanni (Don Juan) \/ Mozart<\/td>\n<td valign=\"top\">Concerts \u00e0 Cannes, Bruxelles et Londres<\/td>\n<\/tr>\n<tr>\n<td valign=\"top\">La P\u00e9richole<\/td>\n<td valign=\"top\">La P\u00e9richole \/ Offenbach<\/td>\n<td valign=\"top\"><\/td>\n<\/tr>\n<tr>\n<td valign=\"top\">Orlofsky<\/td>\n<td valign=\"top\">Die Fledermaus (La Chauve-Souris) \/ Strauss<\/td>\n<td valign=\"top\">Concert \u00e0 Londres<\/td>\n<\/tr>\n<\/tbody>\n<\/table>\n<p>[\/vc_column_text][\/vc_column][\/vc_row][vc_row row_height_percent=\u00a0\u00bb0&Prime; override_padding=\u00a0\u00bbyes\u00a0\u00bb h_padding=\u00a0\u00bb3&Prime; top_padding=\u00a0\u00bb3&Prime; bottom_padding=\u00a0\u00bb3&Prime; back_color=\u00a0\u00bbcolor-lxmt\u00a0\u00bb overlay_alpha=\u00a0\u00bb50&Prime; gutter_size=\u00a0\u00bb3&Prime; column_width_percent=\u00a0\u00bb100&Prime; shift_y=\u00a0\u00bb0&Prime; z_index=\u00a0\u00bb0&Prime;][vc_column width=\u00a0\u00bb1\/1&Prime;][vc_custom_heading text_size=\u00a0\u00bbh4&Prime; text_weight=\u00a0\u00bb600&Prime;]R\u00e9pertoire de concert ex\u00e9cut\u00e9[\/vc_custom_heading][vc_column_text css_animation=\u00a0\u00bbalpha-anim\u00a0\u00bb]Partie d\u2019alto et de Soprano II dans des messes et oratorios de Bach, Campra, Charpentier, Durufl\u00e9, H\u00e4ndel, Joseph Michel et Mozart.<\/p>\n<p>Lieder et m\u00e9lodies d\u2019Armstrong Gibbs, Bellini, Berlioz, Brahms, Bridge, Caplet, Cavalli, Chaminade, Chausson, Duparc, Debussy, D\u00e9odat de S\u00e9verac, Faur\u00e9, Gounod, Haydn, Horder, Loeffler, Mahler, Mendelssohn, Poulenc, Purcell, Quilter, Ravel, Rubbra, Saint-Sa\u00ebns, Schubert, Schumann, Strauss, Warlock, Weill et Wolff.[\/vc_column_text][\/vc_column][\/vc_row]<\/p>\n<\/div>","protected":false},"excerpt":{"rendered":"<p>[vc_row row_height_percent=\u00a0\u00bb0&Prime; override_padding=\u00a0\u00bbyes\u00a0\u00bb h_padding=\u00a0\u00bb3&Prime; top_padding=\u00a0\u00bb3&Prime; bottom_padding=\u00a0\u00bb3&Prime; overlay_alpha=\u00a0\u00bb50&Prime; gutter_size=\u00a0\u00bb3&Prime; column_width_percent=\u00a0\u00bb100&Prime; shift_y=\u00a0\u00bb0&Prime; z_index=\u00a0\u00bb0&Prime;][vc_column width=\u00a0\u00bb1\/1&Prime;][vc_custom_heading text_size=\u00a0\u00bbh4&Prime; text_weight=\u00a0\u00bb600&Prime;]R\u00f4les[\/vc_custom_heading][vc_column_text css_animation=\u00a0\u00bbalpha-anim\u00a0\u00bb] Rosina Les Fian\u00e7ailles au couvent [&hellip;]<\/p>\n","protected":false},"author":1,"featured_media":0,"parent":0,"menu_order":0,"comment_status":"closed","ping_status":"closed","template":"","meta":{"footnotes":""},"class_list":["post-301","page","type-page","status-publish","hentry"],"yoast_head":"<!-- This site is optimized with the Yoast SEO plugin v27.3 - https:\/\/yoast.com\/product\/yoast-seo-wordpress\/ -->\n<title>R\u00e9pertoire - Sabine Garrone - Mezzo-Soprano<\/title>\n<meta name=\"robots\" content=\"index, follow, max-snippet:-1, max-image-preview:large, max-video-preview:-1\" \/>\n<link rel=\"canonical\" href=\"https:\/\/www.sabine-garrone.com\/fr\/repertoire\/\" \/>\n<meta property=\"og:locale\" content=\"fr_FR\" \/>\n<meta property=\"og:type\" content=\"article\" \/>\n<meta property=\"og:title\" content=\"R\u00e9pertoire - Sabine Garrone - Mezzo-Soprano\" \/>\n<meta property=\"og:description\" content=\"[vc_row row_height_percent=\u00a0\u00bb0&Prime; override_padding=\u00a0\u00bbyes\u00a0\u00bb h_padding=\u00a0\u00bb3&Prime; top_padding=\u00a0\u00bb3&Prime; bottom_padding=\u00a0\u00bb3&Prime; overlay_alpha=\u00a0\u00bb50&Prime; gutter_size=\u00a0\u00bb3&Prime; column_width_percent=\u00a0\u00bb100&Prime; shift_y=\u00a0\u00bb0&Prime; z_index=\u00a0\u00bb0&Prime;][vc_column width=\u00a0\u00bb1\/1&Prime;][vc_custom_heading text_size=\u00a0\u00bbh4&Prime; text_weight=\u00a0\u00bb600&Prime;]R\u00f4les[\/vc_custom_heading][vc_column_text css_animation=\u00a0\u00bbalpha-anim\u00a0\u00bb] Rosina Les Fian\u00e7ailles au couvent [&hellip;]\" \/>\n<meta property=\"og:url\" content=\"https:\/\/www.sabine-garrone.com\/fr\/repertoire\/\" \/>\n<meta property=\"og:site_name\" content=\"Sabine Garrone - Mezzo-Soprano\" \/>\n<meta property=\"article:modified_time\" content=\"2021-01-07T10:58:47+00:00\" \/>\n<meta name=\"twitter:card\" content=\"summary_large_image\" \/>\n<meta name=\"twitter:label1\" content=\"Dur\u00e9e de lecture estim\u00e9e\" \/>\n\t<meta name=\"twitter:data1\" content=\"4 minutes\" \/>\n<script type=\"application\/ld+json\" class=\"yoast-schema-graph\">{\"@context\":\"https:\\\/\\\/schema.org\",\"@graph\":[{\"@type\":\"WebPage\",\"@id\":\"https:\\\/\\\/www.sabine-garrone.com\\\/fr\\\/repertoire\\\/\",\"url\":\"https:\\\/\\\/www.sabine-garrone.com\\\/fr\\\/repertoire\\\/\",\"name\":\"R\u00e9pertoire - Sabine Garrone - Mezzo-Soprano\",\"isPartOf\":{\"@id\":\"https:\\\/\\\/www.sabine-garrone.com\\\/fr\\\/#website\"},\"datePublished\":\"2021-01-07T10:04:12+00:00\",\"dateModified\":\"2021-01-07T10:58:47+00:00\",\"breadcrumb\":{\"@id\":\"https:\\\/\\\/www.sabine-garrone.com\\\/fr\\\/repertoire\\\/#breadcrumb\"},\"inLanguage\":\"fr-FR\",\"potentialAction\":[{\"@type\":\"ReadAction\",\"target\":[\"https:\\\/\\\/www.sabine-garrone.com\\\/fr\\\/repertoire\\\/\"]}]},{\"@type\":\"BreadcrumbList\",\"@id\":\"https:\\\/\\\/www.sabine-garrone.com\\\/fr\\\/repertoire\\\/#breadcrumb\",\"itemListElement\":[{\"@type\":\"ListItem\",\"position\":1,\"name\":\"Home\",\"item\":\"https:\\\/\\\/www.sabine-garrone.com\\\/fr\\\/\"},{\"@type\":\"ListItem\",\"position\":2,\"name\":\"R\u00e9pertoire\"}]},{\"@type\":\"WebSite\",\"@id\":\"https:\\\/\\\/www.sabine-garrone.com\\\/fr\\\/#website\",\"url\":\"https:\\\/\\\/www.sabine-garrone.com\\\/fr\\\/\",\"name\":\"Sabine Garrone - Mezzo-Soprano\",\"description\":\"\",\"publisher\":{\"@id\":\"https:\\\/\\\/www.sabine-garrone.com\\\/fr\\\/#organization\"},\"potentialAction\":[{\"@type\":\"SearchAction\",\"target\":{\"@type\":\"EntryPoint\",\"urlTemplate\":\"https:\\\/\\\/www.sabine-garrone.com\\\/fr\\\/?s={search_term_string}\"},\"query-input\":{\"@type\":\"PropertyValueSpecification\",\"valueRequired\":true,\"valueName\":\"search_term_string\"}}],\"inLanguage\":\"fr-FR\"},{\"@type\":\"Organization\",\"@id\":\"https:\\\/\\\/www.sabine-garrone.com\\\/fr\\\/#organization\",\"name\":\"Sabine Garrone\",\"url\":\"https:\\\/\\\/www.sabine-garrone.com\\\/fr\\\/\",\"logo\":{\"@type\":\"ImageObject\",\"inLanguage\":\"fr-FR\",\"@id\":\"https:\\\/\\\/www.sabine-garrone.com\\\/fr\\\/#\\\/schema\\\/logo\\\/image\\\/\",\"url\":\"https:\\\/\\\/www.sabine-garrone.com\\\/wp-content\\\/uploads\\\/2020\\\/12\\\/header-home-mobile.jpg\",\"contentUrl\":\"https:\\\/\\\/www.sabine-garrone.com\\\/wp-content\\\/uploads\\\/2020\\\/12\\\/header-home-mobile.jpg\",\"width\":1435,\"height\":1281,\"caption\":\"Sabine Garrone\"},\"image\":{\"@id\":\"https:\\\/\\\/www.sabine-garrone.com\\\/fr\\\/#\\\/schema\\\/logo\\\/image\\\/\"}}]}<\/script>\n<!-- \/ Yoast SEO plugin. -->","yoast_head_json":{"title":"R\u00e9pertoire - Sabine Garrone - Mezzo-Soprano","robots":{"index":"index","follow":"follow","max-snippet":"max-snippet:-1","max-image-preview":"max-image-preview:large","max-video-preview":"max-video-preview:-1"},"canonical":"https:\/\/www.sabine-garrone.com\/fr\/repertoire\/","og_locale":"fr_FR","og_type":"article","og_title":"R\u00e9pertoire - Sabine Garrone - Mezzo-Soprano","og_description":"[vc_row row_height_percent=\u00a0\u00bb0&Prime; override_padding=\u00a0\u00bbyes\u00a0\u00bb h_padding=\u00a0\u00bb3&Prime; top_padding=\u00a0\u00bb3&Prime; bottom_padding=\u00a0\u00bb3&Prime; overlay_alpha=\u00a0\u00bb50&Prime; gutter_size=\u00a0\u00bb3&Prime; column_width_percent=\u00a0\u00bb100&Prime; shift_y=\u00a0\u00bb0&Prime; z_index=\u00a0\u00bb0&Prime;][vc_column width=\u00a0\u00bb1\/1&Prime;][vc_custom_heading text_size=\u00a0\u00bbh4&Prime; text_weight=\u00a0\u00bb600&Prime;]R\u00f4les[\/vc_custom_heading][vc_column_text css_animation=\u00a0\u00bbalpha-anim\u00a0\u00bb] Rosina Les Fian\u00e7ailles au couvent [&hellip;]","og_url":"https:\/\/www.sabine-garrone.com\/fr\/repertoire\/","og_site_name":"Sabine Garrone - Mezzo-Soprano","article_modified_time":"2021-01-07T10:58:47+00:00","twitter_card":"summary_large_image","twitter_misc":{"Dur\u00e9e de lecture estim\u00e9e":"4 minutes"},"schema":{"@context":"https:\/\/schema.org","@graph":[{"@type":"WebPage","@id":"https:\/\/www.sabine-garrone.com\/fr\/repertoire\/","url":"https:\/\/www.sabine-garrone.com\/fr\/repertoire\/","name":"R\u00e9pertoire - Sabine Garrone - Mezzo-Soprano","isPartOf":{"@id":"https:\/\/www.sabine-garrone.com\/fr\/#website"},"datePublished":"2021-01-07T10:04:12+00:00","dateModified":"2021-01-07T10:58:47+00:00","breadcrumb":{"@id":"https:\/\/www.sabine-garrone.com\/fr\/repertoire\/#breadcrumb"},"inLanguage":"fr-FR","potentialAction":[{"@type":"ReadAction","target":["https:\/\/www.sabine-garrone.com\/fr\/repertoire\/"]}]},{"@type":"BreadcrumbList","@id":"https:\/\/www.sabine-garrone.com\/fr\/repertoire\/#breadcrumb","itemListElement":[{"@type":"ListItem","position":1,"name":"Home","item":"https:\/\/www.sabine-garrone.com\/fr\/"},{"@type":"ListItem","position":2,"name":"R\u00e9pertoire"}]},{"@type":"WebSite","@id":"https:\/\/www.sabine-garrone.com\/fr\/#website","url":"https:\/\/www.sabine-garrone.com\/fr\/","name":"Sabine Garrone - Mezzo-Soprano","description":"","publisher":{"@id":"https:\/\/www.sabine-garrone.com\/fr\/#organization"},"potentialAction":[{"@type":"SearchAction","target":{"@type":"EntryPoint","urlTemplate":"https:\/\/www.sabine-garrone.com\/fr\/?s={search_term_string}"},"query-input":{"@type":"PropertyValueSpecification","valueRequired":true,"valueName":"search_term_string"}}],"inLanguage":"fr-FR"},{"@type":"Organization","@id":"https:\/\/www.sabine-garrone.com\/fr\/#organization","name":"Sabine Garrone","url":"https:\/\/www.sabine-garrone.com\/fr\/","logo":{"@type":"ImageObject","inLanguage":"fr-FR","@id":"https:\/\/www.sabine-garrone.com\/fr\/#\/schema\/logo\/image\/","url":"https:\/\/www.sabine-garrone.com\/wp-content\/uploads\/2020\/12\/header-home-mobile.jpg","contentUrl":"https:\/\/www.sabine-garrone.com\/wp-content\/uploads\/2020\/12\/header-home-mobile.jpg","width":1435,"height":1281,"caption":"Sabine Garrone"},"image":{"@id":"https:\/\/www.sabine-garrone.com\/fr\/#\/schema\/logo\/image\/"}}]}},"_links":{"self":[{"href":"https:\/\/www.sabine-garrone.com\/fr\/wp-json\/wp\/v2\/pages\/301","targetHints":{"allow":["GET"]}}],"collection":[{"href":"https:\/\/www.sabine-garrone.com\/fr\/wp-json\/wp\/v2\/pages"}],"about":[{"href":"https:\/\/www.sabine-garrone.com\/fr\/wp-json\/wp\/v2\/types\/page"}],"author":[{"embeddable":true,"href":"https:\/\/www.sabine-garrone.com\/fr\/wp-json\/wp\/v2\/users\/1"}],"replies":[{"embeddable":true,"href":"https:\/\/www.sabine-garrone.com\/fr\/wp-json\/wp\/v2\/comments?post=301"}],"version-history":[{"count":5,"href":"https:\/\/www.sabine-garrone.com\/fr\/wp-json\/wp\/v2\/pages\/301\/revisions"}],"predecessor-version":[{"id":340,"href":"https:\/\/www.sabine-garrone.com\/fr\/wp-json\/wp\/v2\/pages\/301\/revisions\/340"}],"wp:attachment":[{"href":"https:\/\/www.sabine-garrone.com\/fr\/wp-json\/wp\/v2\/media?parent=301"}],"curies":[{"name":"wp","href":"https:\/\/api.w.org\/{rel}","templated":true}]}}